{"id":360,"date":"2017-08-12T11:53:47","date_gmt":"2017-08-12T11:53:47","guid":{"rendered":"http:\/\/weterynarz-wola.pl\/?page_id=360"},"modified":"2026-01-31T16:46:17","modified_gmt":"2026-01-31T15:46:17","slug":"main","status":"publish","type":"page","link":"https:\/\/weterynarz-wola.pl\/","title":{"rendered":"main1"},"content":{"rendered":"\n<p><\/p>\n\n\n\n<p><strong>Gabinet czynny: <\/strong><br><strong>poniedzia\u0142ek, \u015broda, pi\u0105tek: 11:00 \u2013 15:00 <\/strong><br><strong>wtorek, czwartek: 15:00 \u2013 18:30<\/strong><\/p>\n","protected":false},"excerpt":{"rendered":"<p>Gabinet czynny: poniedzia\u0142ek, \u015broda, pi\u0105tek: 11:00 \u2013 15:00 wtorek, czwartek: 15:00 \u2013 18:30<\/p>\n","protected":false},"author":1,"featured_media":0,"parent":0,"menu_order":1,"comment_status":"closed","ping_status":"closed","template":"template-frontpage.php","meta":{"two_page_speed":null,"footnotes":""},"class_list":["post-360","page","type-page","status-publish","hentry"],"yoast_head":"<!-- This site is optimized with the Yoast SEO plugin v26.8 - https:\/\/yoast.com\/product\/yoast-seo-wordpress\/ -->\n<title>Weterynarz Wola - profesjonalny gabinet weterynaryjny na Wolskiej 69.<\/title>\n<meta name=\"description\" content=\"Weterynarz Wola \u2013 Wolska 69. Zapewniamy szeroki zakres us\u0142ug weterynaryjnych obejmuj\u0105cych: profilaktyk\u0119, diagnostyk\u0119 i leczenie chor\u00f3b ma\u0142ych zwierz\u0105t.\" \/>\n<meta name=\"robots\" content=\"index, follow, max-snippet:-1, max-image-preview:large, max-video-preview:-1\" \/>\n<link rel=\"canonical\" href=\"https:\/\/weterynarz-wola.pl\/\" \/>\n<meta property=\"og:locale\" content=\"pl_PL\" \/>\n<meta property=\"og:type\" content=\"article\" \/>\n<meta property=\"og:title\" content=\"Weterynarz Wola - profesjonalny gabinet weterynaryjny na Wolskiej 69.\" \/>\n<meta property=\"og:description\" content=\"Weterynarz Wola \u2013 Wolska 69. Zapewniamy szeroki zakres us\u0142ug weterynaryjnych obejmuj\u0105cych: profilaktyk\u0119, diagnostyk\u0119 i leczenie chor\u00f3b ma\u0142ych zwierz\u0105t.\" \/>\n<meta property=\"og:url\" content=\"https:\/\/weterynarz-wola.pl\/\" \/>\n<meta property=\"og:site_name\" content=\"Weterynarz Wola\" \/>\n<meta property=\"article:modified_time\" content=\"2026-01-31T15:46:17+00:00\" \/>\n<meta name=\"twitter:card\" content=\"summary_large_image\" \/>\n<meta name=\"twitter:label1\" content=\"Szacowany czas czytania\" \/>\n\t<meta name=\"twitter:data1\" content=\"1 minuta\" \/>\n<script type=\"application\/ld+json\" class=\"yoast-schema-graph\">{\"@context\":\"https:\/\/schema.org\",\"@graph\":[{\"@type\":\"WebPage\",\"@id\":\"https:\/\/weterynarz-wola.pl\/\",\"url\":\"https:\/\/weterynarz-wola.pl\/\",\"name\":\"Weterynarz Wola - profesjonalny gabinet weterynaryjny na Wolskiej 69.\",\"isPartOf\":{\"@id\":\"https:\/\/weterynarz-wola.pl\/#website\"},\"datePublished\":\"2017-08-12T11:53:47+00:00\",\"dateModified\":\"2026-01-31T15:46:17+00:00\",\"description\":\"Weterynarz Wola \u2013 Wolska 69. Zapewniamy szeroki zakres us\u0142ug weterynaryjnych obejmuj\u0105cych: profilaktyk\u0119, diagnostyk\u0119 i leczenie chor\u00f3b ma\u0142ych zwierz\u0105t.\",\"breadcrumb\":{\"@id\":\"https:\/\/weterynarz-wola.pl\/#breadcrumb\"},\"inLanguage\":\"pl-PL\",\"potentialAction\":[{\"@type\":\"ReadAction\",\"target\":[\"https:\/\/weterynarz-wola.pl\/\"]}]},{\"@type\":\"BreadcrumbList\",\"@id\":\"https:\/\/weterynarz-wola.pl\/#breadcrumb\",\"itemListElement\":[{\"@type\":\"ListItem\",\"position\":1,\"name\":\"Home\",\"item\":\"https:\/\/weterynarz-wola.pl\/\"},{\"@type\":\"ListItem\",\"position\":2,\"name\":\"main1\"}]},{\"@type\":\"WebSite\",\"@id\":\"https:\/\/weterynarz-wola.pl\/#website\",\"url\":\"https:\/\/weterynarz-wola.pl\/\",\"name\":\"Weterynarz Wola\",\"description\":\"Gabinet weterynaryjny Julita Tomczuk\",\"publisher\":{\"@id\":\"https:\/\/weterynarz-wola.pl\/#organization\"},\"potentialAction\":[{\"@type\":\"SearchAction\",\"target\":{\"@type\":\"EntryPoint\",\"urlTemplate\":\"https:\/\/weterynarz-wola.pl\/?s={search_term_string}\"},\"query-input\":{\"@type\":\"PropertyValueSpecification\",\"valueRequired\":true,\"valueName\":\"search_term_string\"}}],\"inLanguage\":\"pl-PL\"},{\"@type\":\"Organization\",\"@id\":\"https:\/\/weterynarz-wola.pl\/#organization\",\"name\":\"Gabinet Weterynaryjny Julita Tomczuk\",\"url\":\"https:\/\/weterynarz-wola.pl\/\",\"logo\":{\"@type\":\"ImageObject\",\"inLanguage\":\"pl-PL\",\"@id\":\"https:\/\/weterynarz-wola.pl\/#\/schema\/logo\/image\/\",\"url\":\"http:\/\/weterynarz-wola.pl\/wp-content\/uploads\/2017\/08\/PageLogo.png\",\"contentUrl\":\"http:\/\/weterynarz-wola.pl\/wp-content\/uploads\/2017\/08\/PageLogo.png\",\"width\":2362,\"height\":591,\"caption\":\"Gabinet Weterynaryjny Julita Tomczuk\"},\"image\":{\"@id\":\"https:\/\/weterynarz-wola.pl\/#\/schema\/logo\/image\/\"}}]}<\/script>\n<!-- \/ Yoast SEO plugin. -->","yoast_head_json":{"title":"Weterynarz Wola - profesjonalny gabinet weterynaryjny na Wolskiej 69.","description":"Weterynarz Wola \u2013 Wolska 69. Zapewniamy szeroki zakres us\u0142ug weterynaryjnych obejmuj\u0105cych: profilaktyk\u0119, diagnostyk\u0119 i leczenie chor\u00f3b ma\u0142ych zwierz\u0105t.","robots":{"index":"index","follow":"follow","max-snippet":"max-snippet:-1","max-image-preview":"max-image-preview:large","max-video-preview":"max-video-preview:-1"},"canonical":"https:\/\/weterynarz-wola.pl\/","og_locale":"pl_PL","og_type":"article","og_title":"Weterynarz Wola - profesjonalny gabinet weterynaryjny na Wolskiej 69.","og_description":"Weterynarz Wola \u2013 Wolska 69. Zapewniamy szeroki zakres us\u0142ug weterynaryjnych obejmuj\u0105cych: profilaktyk\u0119, diagnostyk\u0119 i leczenie chor\u00f3b ma\u0142ych zwierz\u0105t.","og_url":"https:\/\/weterynarz-wola.pl\/","og_site_name":"Weterynarz Wola","article_modified_time":"2026-01-31T15:46:17+00:00","twitter_card":"summary_large_image","twitter_misc":{"Szacowany czas czytania":"1 minuta"},"schema":{"@context":"https:\/\/schema.org","@graph":[{"@type":"WebPage","@id":"https:\/\/weterynarz-wola.pl\/","url":"https:\/\/weterynarz-wola.pl\/","name":"Weterynarz Wola - profesjonalny gabinet weterynaryjny na Wolskiej 69.","isPartOf":{"@id":"https:\/\/weterynarz-wola.pl\/#website"},"datePublished":"2017-08-12T11:53:47+00:00","dateModified":"2026-01-31T15:46:17+00:00","description":"Weterynarz Wola \u2013 Wolska 69. Zapewniamy szeroki zakres us\u0142ug weterynaryjnych obejmuj\u0105cych: profilaktyk\u0119, diagnostyk\u0119 i leczenie chor\u00f3b ma\u0142ych zwierz\u0105t.","breadcrumb":{"@id":"https:\/\/weterynarz-wola.pl\/#breadcrumb"},"inLanguage":"pl-PL","potentialAction":[{"@type":"ReadAction","target":["https:\/\/weterynarz-wola.pl\/"]}]},{"@type":"BreadcrumbList","@id":"https:\/\/weterynarz-wola.pl\/#breadcrumb","itemListElement":[{"@type":"ListItem","position":1,"name":"Home","item":"https:\/\/weterynarz-wola.pl\/"},{"@type":"ListItem","position":2,"name":"main1"}]},{"@type":"WebSite","@id":"https:\/\/weterynarz-wola.pl\/#website","url":"https:\/\/weterynarz-wola.pl\/","name":"Weterynarz Wola","description":"Gabinet weterynaryjny Julita Tomczuk","publisher":{"@id":"https:\/\/weterynarz-wola.pl\/#organization"},"potentialAction":[{"@type":"SearchAction","target":{"@type":"EntryPoint","urlTemplate":"https:\/\/weterynarz-wola.pl\/?s={search_term_string}"},"query-input":{"@type":"PropertyValueSpecification","valueRequired":true,"valueName":"search_term_string"}}],"inLanguage":"pl-PL"},{"@type":"Organization","@id":"https:\/\/weterynarz-wola.pl\/#organization","name":"Gabinet Weterynaryjny Julita Tomczuk","url":"https:\/\/weterynarz-wola.pl\/","logo":{"@type":"ImageObject","inLanguage":"pl-PL","@id":"https:\/\/weterynarz-wola.pl\/#\/schema\/logo\/image\/","url":"http:\/\/weterynarz-wola.pl\/wp-content\/uploads\/2017\/08\/PageLogo.png","contentUrl":"http:\/\/weterynarz-wola.pl\/wp-content\/uploads\/2017\/08\/PageLogo.png","width":2362,"height":591,"caption":"Gabinet Weterynaryjny Julita Tomczuk"},"image":{"@id":"https:\/\/weterynarz-wola.pl\/#\/schema\/logo\/image\/"}}]}},"_links":{"self":[{"href":"https:\/\/weterynarz-wola.pl\/index.php?rest_route=\/wp\/v2\/pages\/360","targetHints":{"allow":["GET"]}}],"collection":[{"href":"https:\/\/weterynarz-wola.pl\/index.php?rest_route=\/wp\/v2\/pages"}],"about":[{"href":"https:\/\/weterynarz-wola.pl\/index.php?rest_route=\/wp\/v2\/types\/page"}],"author":[{"embeddable":true,"href":"https:\/\/weterynarz-wola.pl\/index.php?rest_route=\/wp\/v2\/users\/1"}],"replies":[{"embeddable":true,"href":"https:\/\/weterynarz-wola.pl\/index.php?rest_route=%2Fwp%2Fv2%2Fcomments&post=360"}],"version-history":[{"count":9,"href":"https:\/\/weterynarz-wola.pl\/index.php?rest_route=\/wp\/v2\/pages\/360\/revisions"}],"predecessor-version":[{"id":945,"href":"https:\/\/weterynarz-wola.pl\/index.php?rest_route=\/wp\/v2\/pages\/360\/revisions\/945"}],"wp:attachment":[{"href":"https:\/\/weterynarz-wola.pl\/index.php?rest_route=%2Fwp%2Fv2%2Fmedia&parent=360"}],"curies":[{"name":"wp","href":"https:\/\/api.w.org\/{rel}","templated":true}]}}