{"id":456,"date":"2017-08-13T13:04:59","date_gmt":"2017-08-13T13:04:59","guid":{"rendered":"http:\/\/weterynarz-wola.pl\/?page_id=456"},"modified":"2026-02-01T23:40:31","modified_gmt":"2026-02-01T22:40:31","slug":"oferta","status":"publish","type":"page","link":"https:\/\/weterynarz-wola.pl\/?page_id=456","title":{"rendered":"OFERTA GABINETU WETERYNARYJNEGO"},"content":{"rendered":"<div id=\"pl-456\"  class=\"panel-layout\" ><div id=\"pg-456-0\"  class=\"panel-grid panel-no-style\" ><div id=\"pgc-456-0-0\"  class=\"panel-grid-cell\" ><div id=\"panel-456-0-0-0\" class=\"so-panel widget widget_siteorigin-panels-builder panel-first-child panel-last-child\" data-index=\"0\" ><div id=\"pl-w59904e7b81265\"  class=\"panel-layout\" ><div id=\"pg-w59904e7b81265-0\"  class=\"panel-grid panel-no-style\" ><div id=\"pgc-w59904e7b81265-0-0\"  class=\"panel-grid-cell\" ><div id=\"panel-w59904e7b81265-0-0-0\" class=\"so-panel widget widget_sow-editor panel-first-child\" data-index=\"0\" ><div\n\t\t\t\n\t\t\tclass=\"so-widget-sow-editor so-widget-sow-editor-base\"\n\t\t\t\n\t\t><h3 class=\"widget-title\">Badania laboratoryjne:<\/h3>\n<div class=\"siteorigin-widget-tinymce textwidget\">\n\t<p>- morfologia krwi, <br \/>- badania biochemiczne, <br \/>- specyficzne badania w kierunku zapalenia trzustki, <br \/>- badania w kierunku chor\u00f3b odkleszczowych, w tym<br \/> babeszjozy, anaplazmozy, boreliozy, erlichiozy, <br \/>- bakteriologia i mikologia, <br \/>- badania w kierunku chor\u00f3b zaka\u017anych, m.in. FeLV, FIP,<br \/> FIV, parwowirozy, boreliozy, hepatozoonozy,<br \/>\u200b anaplazmozy, dirofilariozy, erlichiozy, <br \/>- badania hormonalne tj. badania w kierunku chor\u00f3b<br \/> tarczycy, nadnerczy, przysadki, przytarczyc, <br \/>- badania histopatologiczne, <br \/>- badania moczu \u2013 og\u00f3lne + osad, badanie kamieni<br \/> moczowych, <br \/>- badania ka\u0142u tj. w kierunku paso\u017cyt\u00f3w wewn\u0119trznych,<br \/>\u200b testy w kierunku gardiozy, parwowirozy, panleukopenii.<\/p>\n<\/div>\n<\/div><\/div><div id=\"panel-w59904e7b81265-0-0-1\" class=\"so-panel widget widget_sow-editor panel-last-child\" data-index=\"1\" ><div\n\t\t\t\n\t\t\tclass=\"so-widget-sow-editor so-widget-sow-editor-base\"\n\t\t\t\n\t\t><h3 class=\"widget-title\">Inne:<\/h3>\n<div class=\"siteorigin-widget-tinymce textwidget\">\n\t<p>- konsultacje<br \/>- elektroniczne znakowanie zwierz\u0105t (mikrochipy),<br \/>- porady hodowlane,<br \/>- paszporty,<br \/>- badania laboratoryjne,<br \/>- tlenoterapia,<br \/>- monitoring pacjenta<\/p>\n<\/div>\n<\/div><\/div><\/div><div id=\"pgc-w59904e7b81265-0-1\"  class=\"panel-grid-cell\" ><div id=\"panel-w59904e7b81265-0-1-0\" class=\"so-panel widget widget_sow-editor panel-first-child panel-last-child\" data-index=\"2\" ><div\n\t\t\t\n\t\t\tclass=\"so-widget-sow-editor so-widget-sow-editor-base\"\n\t\t\t\n\t\t><h3 class=\"widget-title\">Zabiegi profilaktyczne i lecznicze:<\/h3>\n<div class=\"siteorigin-widget-tinymce textwidget\">\n\t<p>- podstawowe zabiegi chirurgiczne, m.in. sterylizacje, kastracje,<br \/>- onkologia - chirurgia onkologiczna, diagnostyka histopatologiczna, <br \/>- ortopedia - zespolenie z\u0142ama\u0144, operacje zerwanych wi\u0119zade\u0142 kolanowych, operacje dysplazji staw\u00f3w biodrowych, <br \/>- USG, <br \/>- kardiologia - EKG, <br \/>- dermatologia \u2013 zeskrobiny, testy alergiczne, badania hormonalne, <br \/>- stomatologia \u2013 profilaktyka, leczenie, ultrad\u017awi\u0119kowe usuwanie kamienia naz\u0119bnego.<\/p>\n<\/div>\n<\/div><\/div><\/div><\/div><\/div><\/div><\/div><\/div><\/div>","protected":false},"excerpt":{"rendered":"<p>Badania laboratoryjne: &#8211; morfologia krwi, &#8211; badania biochemiczne, &#8211; specyficzne badania w kierunku zapalenia trzustki, &#8211; badania w kierunku chor\u00f3b odkleszczowych, w tym babeszjozy, anaplazmozy, boreliozy, erlichiozy, &#8211; bakteriologia i mikologia, &#8211; badania w kierunku chor\u00f3b zaka\u017anych, m.in. FeLV, FIP, FIV, parwowirozy, boreliozy, hepatozoonozy,\u200b anaplazmozy, dirofilariozy, erlichiozy, &#8211; badania hormonalne tj. badania w kierunku chor\u00f3b <a href=\"https:\/\/weterynarz-wola.pl\/?page_id=456\" rel=\"nofollow\"><span class=\"sr-only\">Read more about OFERTA GABINETU WETERYNARYJNEGO<\/span>[&hellip;]<\/a><\/p>\n","protected":false},"author":1,"featured_media":0,"parent":0,"menu_order":0,"comment_status":"closed","ping_status":"closed","template":"","meta":{"two_page_speed":{"previous_score":{"desktop_score":95,"desktop_tti":"3.3\u00a0","mobile_score":86,"mobile_tti":"6.4\u00a0","date":"31.01.2026 03:37:54 pm","status":"completed"},"current_score":{"desktop_score":99,"desktop_tti":"0.8\u00a0","mobile_score":92,"mobile_tti":"2.9\u00a0","date":"01.02.2026 11:40:57 pm","status":"completed"}},"footnotes":""},"class_list":["post-456","page","type-page","status-publish","hentry"],"yoast_head":"<!-- This site is optimized with the Yoast SEO plugin v26.8 - https:\/\/yoast.com\/product\/yoast-seo-wordpress\/ -->\n<title>Oferta naszego gabinetu weterynaryjnego - diagnostyka, specjalno\u015bci<\/title>\n<meta name=\"robots\" content=\"index, follow, max-snippet:-1, max-image-preview:large, max-video-preview:-1\" \/>\n<link rel=\"canonical\" href=\"https:\/\/weterynarz-wola.pl\/?page_id=456\" \/>\n<meta property=\"og:locale\" content=\"pl_PL\" \/>\n<meta property=\"og:type\" content=\"article\" \/>\n<meta property=\"og:title\" content=\"Oferta naszego gabinetu weterynaryjnego - diagnostyka, specjalno\u015bci\" \/>\n<meta property=\"og:description\" content=\"Badania laboratoryjne: - morfologia krwi, - badania biochemiczne, - specyficzne badania w kierunku zapalenia trzustki, - badania w kierunku chor\u00f3b odkleszczowych, w tym babeszjozy, anaplazmozy, boreliozy, erlichiozy, - bakteriologia i mikologia, - badania w kierunku chor\u00f3b zaka\u017anych, m.in. FeLV, FIP, FIV, parwowirozy, boreliozy, hepatozoonozy,\u200b anaplazmozy, dirofilariozy, erlichiozy, - badania hormonalne tj. badania w kierunku chor\u00f3b Read more about OFERTA GABINETU WETERYNARYJNEGO[&hellip;]\" \/>\n<meta property=\"og:url\" content=\"https:\/\/weterynarz-wola.pl\/?page_id=456\" \/>\n<meta property=\"og:site_name\" content=\"Weterynarz Wola\" \/>\n<meta property=\"article:modified_time\" content=\"2026-02-01T22:40:31+00:00\" \/>\n<meta name=\"twitter:card\" content=\"summary_large_image\" \/>\n<meta name=\"twitter:label1\" content=\"Szacowany czas czytania\" \/>\n\t<meta name=\"twitter:data1\" content=\"1 minuta\" \/>\n<script type=\"application\/ld+json\" class=\"yoast-schema-graph\">{\"@context\":\"https:\/\/schema.org\",\"@graph\":[{\"@type\":\"WebPage\",\"@id\":\"https:\/\/weterynarz-wola.pl\/?page_id=456\",\"url\":\"https:\/\/weterynarz-wola.pl\/?page_id=456\",\"name\":\"Oferta naszego gabinetu weterynaryjnego - diagnostyka, specjalno\u015bci\",\"isPartOf\":{\"@id\":\"https:\/\/weterynarz-wola.pl\/#website\"},\"datePublished\":\"2017-08-13T13:04:59+00:00\",\"dateModified\":\"2026-02-01T22:40:31+00:00\",\"breadcrumb\":{\"@id\":\"https:\/\/weterynarz-wola.pl\/?page_id=456#breadcrumb\"},\"inLanguage\":\"pl-PL\",\"potentialAction\":[{\"@type\":\"ReadAction\",\"target\":[\"https:\/\/weterynarz-wola.pl\/?page_id=456\"]}]},{\"@type\":\"BreadcrumbList\",\"@id\":\"https:\/\/weterynarz-wola.pl\/?page_id=456#breadcrumb\",\"itemListElement\":[{\"@type\":\"ListItem\",\"position\":1,\"name\":\"Home\",\"item\":\"https:\/\/weterynarz-wola.pl\/\"},{\"@type\":\"ListItem\",\"position\":2,\"name\":\"OFERTA GABINETU WETERYNARYJNEGO\"}]},{\"@type\":\"WebSite\",\"@id\":\"https:\/\/weterynarz-wola.pl\/#website\",\"url\":\"https:\/\/weterynarz-wola.pl\/\",\"name\":\"Weterynarz Wola\",\"description\":\"Gabinet weterynaryjny Julita Tomczuk\",\"publisher\":{\"@id\":\"https:\/\/weterynarz-wola.pl\/#organization\"},\"potentialAction\":[{\"@type\":\"SearchAction\",\"target\":{\"@type\":\"EntryPoint\",\"urlTemplate\":\"https:\/\/weterynarz-wola.pl\/?s={search_term_string}\"},\"query-input\":{\"@type\":\"PropertyValueSpecification\",\"valueRequired\":true,\"valueName\":\"search_term_string\"}}],\"inLanguage\":\"pl-PL\"},{\"@type\":\"Organization\",\"@id\":\"https:\/\/weterynarz-wola.pl\/#organization\",\"name\":\"Gabinet Weterynaryjny Julita Tomczuk\",\"url\":\"https:\/\/weterynarz-wola.pl\/\",\"logo\":{\"@type\":\"ImageObject\",\"inLanguage\":\"pl-PL\",\"@id\":\"https:\/\/weterynarz-wola.pl\/#\/schema\/logo\/image\/\",\"url\":\"http:\/\/weterynarz-wola.pl\/wp-content\/uploads\/2017\/08\/PageLogo.png\",\"contentUrl\":\"http:\/\/weterynarz-wola.pl\/wp-content\/uploads\/2017\/08\/PageLogo.png\",\"width\":2362,\"height\":591,\"caption\":\"Gabinet Weterynaryjny Julita Tomczuk\"},\"image\":{\"@id\":\"https:\/\/weterynarz-wola.pl\/#\/schema\/logo\/image\/\"}}]}<\/script>\n<!-- \/ Yoast SEO plugin. -->","yoast_head_json":{"title":"Oferta naszego gabinetu weterynaryjnego - diagnostyka, specjalno\u015bci","robots":{"index":"index","follow":"follow","max-snippet":"max-snippet:-1","max-image-preview":"max-image-preview:large","max-video-preview":"max-video-preview:-1"},"canonical":"https:\/\/weterynarz-wola.pl\/?page_id=456","og_locale":"pl_PL","og_type":"article","og_title":"Oferta naszego gabinetu weterynaryjnego - diagnostyka, specjalno\u015bci","og_description":"Badania laboratoryjne: - morfologia krwi, - badania biochemiczne, - specyficzne badania w kierunku zapalenia trzustki, - badania w kierunku chor\u00f3b odkleszczowych, w tym babeszjozy, anaplazmozy, boreliozy, erlichiozy, - bakteriologia i mikologia, - badania w kierunku chor\u00f3b zaka\u017anych, m.in. FeLV, FIP, FIV, parwowirozy, boreliozy, hepatozoonozy,\u200b anaplazmozy, dirofilariozy, erlichiozy, - badania hormonalne tj. badania w kierunku chor\u00f3b Read more about OFERTA GABINETU WETERYNARYJNEGO[&hellip;]","og_url":"https:\/\/weterynarz-wola.pl\/?page_id=456","og_site_name":"Weterynarz Wola","article_modified_time":"2026-02-01T22:40:31+00:00","twitter_card":"summary_large_image","twitter_misc":{"Szacowany czas czytania":"1 minuta"},"schema":{"@context":"https:\/\/schema.org","@graph":[{"@type":"WebPage","@id":"https:\/\/weterynarz-wola.pl\/?page_id=456","url":"https:\/\/weterynarz-wola.pl\/?page_id=456","name":"Oferta naszego gabinetu weterynaryjnego - diagnostyka, specjalno\u015bci","isPartOf":{"@id":"https:\/\/weterynarz-wola.pl\/#website"},"datePublished":"2017-08-13T13:04:59+00:00","dateModified":"2026-02-01T22:40:31+00:00","breadcrumb":{"@id":"https:\/\/weterynarz-wola.pl\/?page_id=456#breadcrumb"},"inLanguage":"pl-PL","potentialAction":[{"@type":"ReadAction","target":["https:\/\/weterynarz-wola.pl\/?page_id=456"]}]},{"@type":"BreadcrumbList","@id":"https:\/\/weterynarz-wola.pl\/?page_id=456#breadcrumb","itemListElement":[{"@type":"ListItem","position":1,"name":"Home","item":"https:\/\/weterynarz-wola.pl\/"},{"@type":"ListItem","position":2,"name":"OFERTA GABINETU WETERYNARYJNEGO"}]},{"@type":"WebSite","@id":"https:\/\/weterynarz-wola.pl\/#website","url":"https:\/\/weterynarz-wola.pl\/","name":"Weterynarz Wola","description":"Gabinet weterynaryjny Julita Tomczuk","publisher":{"@id":"https:\/\/weterynarz-wola.pl\/#organization"},"potentialAction":[{"@type":"SearchAction","target":{"@type":"EntryPoint","urlTemplate":"https:\/\/weterynarz-wola.pl\/?s={search_term_string}"},"query-input":{"@type":"PropertyValueSpecification","valueRequired":true,"valueName":"search_term_string"}}],"inLanguage":"pl-PL"},{"@type":"Organization","@id":"https:\/\/weterynarz-wola.pl\/#organization","name":"Gabinet Weterynaryjny Julita Tomczuk","url":"https:\/\/weterynarz-wola.pl\/","logo":{"@type":"ImageObject","inLanguage":"pl-PL","@id":"https:\/\/weterynarz-wola.pl\/#\/schema\/logo\/image\/","url":"http:\/\/weterynarz-wola.pl\/wp-content\/uploads\/2017\/08\/PageLogo.png","contentUrl":"http:\/\/weterynarz-wola.pl\/wp-content\/uploads\/2017\/08\/PageLogo.png","width":2362,"height":591,"caption":"Gabinet Weterynaryjny Julita Tomczuk"},"image":{"@id":"https:\/\/weterynarz-wola.pl\/#\/schema\/logo\/image\/"}}]}},"_links":{"self":[{"href":"https:\/\/weterynarz-wola.pl\/index.php?rest_route=\/wp\/v2\/pages\/456","targetHints":{"allow":["GET"]}}],"collection":[{"href":"https:\/\/weterynarz-wola.pl\/index.php?rest_route=\/wp\/v2\/pages"}],"about":[{"href":"https:\/\/weterynarz-wola.pl\/index.php?rest_route=\/wp\/v2\/types\/page"}],"author":[{"embeddable":true,"href":"https:\/\/weterynarz-wola.pl\/index.php?rest_route=\/wp\/v2\/users\/1"}],"replies":[{"embeddable":true,"href":"https:\/\/weterynarz-wola.pl\/index.php?rest_route=%2Fwp%2Fv2%2Fcomments&post=456"}],"version-history":[{"count":5,"href":"https:\/\/weterynarz-wola.pl\/index.php?rest_route=\/wp\/v2\/pages\/456\/revisions"}],"predecessor-version":[{"id":901,"href":"https:\/\/weterynarz-wola.pl\/index.php?rest_route=\/wp\/v2\/pages\/456\/revisions\/901"}],"wp:attachment":[{"href":"https:\/\/weterynarz-wola.pl\/index.php?rest_route=%2Fwp%2Fv2%2Fmedia&parent=456"}],"curies":[{"name":"wp","href":"https:\/\/api.w.org\/{rel}","templated":true}]}}